{"id":7029,"date":"2026-01-15T09:30:16","date_gmt":"2026-01-15T07:30:16","guid":{"rendered":"https:\/\/staging.falun2027.com\/?page_id=7029"},"modified":"2026-01-15T12:27:47","modified_gmt":"2026-01-15T10:27:47","slug":"gruppboende","status":"publish","type":"page","link":"https:\/\/staging.falun2027.com\/sv\/gruppboende\/","title":{"rendered":"Gruppboende"},"content":{"rendered":"\r\n<h1><\/h1>\r\n\r\n<form action=\"\/sv\/?page_id=7029&amp;fl_builder#wpcf7-f7027-o1\" method=\"post\" novalidate=\"novalidate\" aria-label=\"Kontaktformul\u00e4r\" data-status=\"init\"><fieldset><input name=\"_wpcf7\" type=\"hidden\" value=\"7027\" \/><input name=\"_wpcf7_version\" type=\"hidden\" value=\"6.1.4\" \/><input name=\"_wpcf7_locale\" type=\"hidden\" value=\"sv_SE\" \/><input name=\"_wpcf7_unit_tag\" type=\"hidden\" value=\"wpcf7-f7027-o1\" \/><input name=\"_wpcf7_container_post\" type=\"hidden\" value=\"0\" \/><input name=\"_wpcf7_posted_data_hash\" type=\"hidden\" value=\"\" \/><input name=\"_wpcf7dtx_version\" type=\"hidden\" value=\"5.0.4\" \/><\/fieldset><label> F\u00f6retagsnamn\/namn p\u00e5 grupp\/f\u00f6rening *<br \/><input autocomplete=\"name\" maxlength=\"400\" name=\"your-name\" size=\"40\" type=\"text\" value=\"\" aria-required=\"true\" aria-invalid=\"false\" \/> <\/label> <label> E-post *<br \/><input autocomplete=\"email\" maxlength=\"400\" name=\"your-email\" size=\"40\" type=\"email\" value=\"\" aria-required=\"true\" aria-invalid=\"false\" \/> <\/label> <label> Telefonnummer<br \/><input maxlength=\"400\" name=\"tel\" size=\"40\" type=\"tel\" value=\"\" aria-invalid=\"false\" \/> <\/label> <label> Antal personer *<br \/><input max=\"15\" min=\"1\" name=\"antal-personer\" type=\"number\" value=\"\" aria-required=\"true\" aria-invalid=\"false\" \/> <\/label> <label> Ankomstdatum *<br \/><input name=\"date-ankomst\" type=\"date\" value=\"\" aria-required=\"true\" aria-invalid=\"false\" \/> <\/label> <label> Avresedatum *<br \/><input name=\"date-avresa\" type=\"date\" value=\"\" aria-required=\"true\" aria-invalid=\"false\" \/> <\/label> <label> Antal dubbelrum som beh\u00f6vs<br \/><input max=\"9\" min=\"0\" name=\"antal-dubbelrum\" type=\"number\" value=\"\" aria-invalid=\"false\" \/> <\/label> <label> Antal enkelrum som beh\u00f6vs<br \/><input max=\"9\" min=\"0\" name=\"antal-enkelrum\" type=\"number\" value=\"\" aria-invalid=\"false\" \/> <\/label> <label> Ditt meddelande (valfritt)<br \/><textarea cols=\"40\" maxlength=\"2000\" name=\"your-message\" rows=\"10\" aria-invalid=\"false\"><\/textarea> <\/label> <input type=\"submit\" value=\"Skicka\" \/><\/form>\r\n\r\n\r\n","protected":false},"excerpt":{"rendered":"<p>F\u00f6retagsnamn\/namn p\u00e5 grupp\/f\u00f6rening * E-post * Telefonnummer Antal personer * Ankomstdatum * Avresedatum * Antal dubbelrum som beh\u00f6vs Antal enkelrum som beh\u00f6vs Ditt meddelande (valfritt)<\/p>\n","protected":false},"author":1,"featured_media":0,"parent":0,"menu_order":4,"comment_status":"closed","ping_status":"closed","template":"","meta":{"_acf_changed":false,"footnotes":""},"layout":[],"class_list":["post-7029","page","type-page","status-publish","hentry"],"acf":[],"yoast_head":"<!-- This site is optimized with the Yoast SEO plugin v27.4 - https:\/\/yoast.com\/product\/yoast-seo-wordpress\/ -->\n<title>Gruppboende - Falun 2027<\/title>\n<meta name=\"robots\" content=\"index, follow, max-snippet:-1, max-image-preview:large, max-video-preview:-1\" \/>\n<link rel=\"canonical\" href=\"https:\/\/staging.falun2027.com\/sv\/gruppboende\/\" \/>\n<meta property=\"og:locale\" content=\"sv_SE\" \/>\n<meta property=\"og:type\" content=\"article\" \/>\n<meta property=\"og:title\" content=\"Gruppboende - Falun 2027\" \/>\n<meta property=\"og:description\" content=\"F\u00f6retagsnamn\/namn p\u00e5 grupp\/f\u00f6rening * E-post * Telefonnummer Antal personer * Ankomstdatum * Avresedatum * Antal dubbelrum som beh\u00f6vs Antal enkelrum som beh\u00f6vs Ditt meddelande (valfritt)\" \/>\n<meta property=\"og:url\" content=\"https:\/\/staging.falun2027.com\/sv\/gruppboende\/\" \/>\n<meta property=\"og:site_name\" content=\"Falun 2027\" \/>\n<meta property=\"article:modified_time\" content=\"2026-01-15T10:27:47+00:00\" \/>\n<meta name=\"twitter:card\" content=\"summary_large_image\" \/>\n<meta name=\"twitter:label1\" content=\"Ber\u00e4knad l\u00e4stid\" \/>\n\t<meta name=\"twitter:data1\" content=\"1 minut\" \/>\n<script type=\"application\/ld+json\" class=\"yoast-schema-graph\">{\"@context\":\"https:\\\/\\\/schema.org\",\"@graph\":[{\"@type\":\"WebPage\",\"@id\":\"https:\\\/\\\/staging.falun2027.com\\\/sv\\\/gruppboende\\\/\",\"url\":\"https:\\\/\\\/staging.falun2027.com\\\/sv\\\/gruppboende\\\/\",\"name\":\"Gruppboende - Falun 2027\",\"isPartOf\":{\"@id\":\"https:\\\/\\\/staging.falun2027.com\\\/sv\\\/#website\"},\"datePublished\":\"2026-01-15T07:30:16+00:00\",\"dateModified\":\"2026-01-15T10:27:47+00:00\",\"breadcrumb\":{\"@id\":\"https:\\\/\\\/staging.falun2027.com\\\/sv\\\/gruppboende\\\/#breadcrumb\"},\"inLanguage\":\"sv-SE\",\"potentialAction\":[{\"@type\":\"ReadAction\",\"target\":[\"https:\\\/\\\/staging.falun2027.com\\\/sv\\\/gruppboende\\\/\"]}]},{\"@type\":\"BreadcrumbList\",\"@id\":\"https:\\\/\\\/staging.falun2027.com\\\/sv\\\/gruppboende\\\/#breadcrumb\",\"itemListElement\":[{\"@type\":\"ListItem\",\"position\":1,\"name\":\"Hem\",\"item\":\"https:\\\/\\\/staging.falun2027.com\\\/sv\\\/\"},{\"@type\":\"ListItem\",\"position\":2,\"name\":\"Gruppboende\"}]},{\"@type\":\"WebSite\",\"@id\":\"https:\\\/\\\/staging.falun2027.com\\\/sv\\\/#website\",\"url\":\"https:\\\/\\\/staging.falun2027.com\\\/sv\\\/\",\"name\":\"Falun 2027\",\"description\":\"Skid-VM Falun 2027\",\"potentialAction\":[{\"@type\":\"SearchAction\",\"target\":{\"@type\":\"EntryPoint\",\"urlTemplate\":\"https:\\\/\\\/staging.falun2027.com\\\/sv\\\/?s={search_term_string}\"},\"query-input\":{\"@type\":\"PropertyValueSpecification\",\"valueRequired\":true,\"valueName\":\"search_term_string\"}}],\"inLanguage\":\"sv-SE\"}]}<\/script>\n<!-- \/ Yoast SEO plugin. -->","yoast_head_json":{"title":"Gruppboende - Falun 2027","robots":{"index":"index","follow":"follow","max-snippet":"max-snippet:-1","max-image-preview":"max-image-preview:large","max-video-preview":"max-video-preview:-1"},"canonical":"https:\/\/staging.falun2027.com\/sv\/gruppboende\/","og_locale":"sv_SE","og_type":"article","og_title":"Gruppboende - Falun 2027","og_description":"F\u00f6retagsnamn\/namn p\u00e5 grupp\/f\u00f6rening * E-post * Telefonnummer Antal personer * Ankomstdatum * Avresedatum * Antal dubbelrum som beh\u00f6vs Antal enkelrum som beh\u00f6vs Ditt meddelande (valfritt)","og_url":"https:\/\/staging.falun2027.com\/sv\/gruppboende\/","og_site_name":"Falun 2027","article_modified_time":"2026-01-15T10:27:47+00:00","twitter_card":"summary_large_image","twitter_misc":{"Ber\u00e4knad l\u00e4stid":"1 minut"},"schema":{"@context":"https:\/\/schema.org","@graph":[{"@type":"WebPage","@id":"https:\/\/staging.falun2027.com\/sv\/gruppboende\/","url":"https:\/\/staging.falun2027.com\/sv\/gruppboende\/","name":"Gruppboende - Falun 2027","isPartOf":{"@id":"https:\/\/staging.falun2027.com\/sv\/#website"},"datePublished":"2026-01-15T07:30:16+00:00","dateModified":"2026-01-15T10:27:47+00:00","breadcrumb":{"@id":"https:\/\/staging.falun2027.com\/sv\/gruppboende\/#breadcrumb"},"inLanguage":"sv-SE","potentialAction":[{"@type":"ReadAction","target":["https:\/\/staging.falun2027.com\/sv\/gruppboende\/"]}]},{"@type":"BreadcrumbList","@id":"https:\/\/staging.falun2027.com\/sv\/gruppboende\/#breadcrumb","itemListElement":[{"@type":"ListItem","position":1,"name":"Hem","item":"https:\/\/staging.falun2027.com\/sv\/"},{"@type":"ListItem","position":2,"name":"Gruppboende"}]},{"@type":"WebSite","@id":"https:\/\/staging.falun2027.com\/sv\/#website","url":"https:\/\/staging.falun2027.com\/sv\/","name":"Falun 2027","description":"Skid-VM Falun 2027","potentialAction":[{"@type":"SearchAction","target":{"@type":"EntryPoint","urlTemplate":"https:\/\/staging.falun2027.com\/sv\/?s={search_term_string}"},"query-input":{"@type":"PropertyValueSpecification","valueRequired":true,"valueName":"search_term_string"}}],"inLanguage":"sv-SE"}]}},"_links":{"self":[{"href":"https:\/\/staging.falun2027.com\/sv\/wp-json\/wp\/v2\/pages\/7029","targetHints":{"allow":["GET"]}}],"collection":[{"href":"https:\/\/staging.falun2027.com\/sv\/wp-json\/wp\/v2\/pages"}],"about":[{"href":"https:\/\/staging.falun2027.com\/sv\/wp-json\/wp\/v2\/types\/page"}],"author":[{"embeddable":true,"href":"https:\/\/staging.falun2027.com\/sv\/wp-json\/wp\/v2\/users\/1"}],"replies":[{"embeddable":true,"href":"https:\/\/staging.falun2027.com\/sv\/wp-json\/wp\/v2\/comments?post=7029"}],"version-history":[{"count":10,"href":"https:\/\/staging.falun2027.com\/sv\/wp-json\/wp\/v2\/pages\/7029\/revisions"}],"predecessor-version":[{"id":7062,"href":"https:\/\/staging.falun2027.com\/sv\/wp-json\/wp\/v2\/pages\/7029\/revisions\/7062"}],"wp:attachment":[{"href":"https:\/\/staging.falun2027.com\/sv\/wp-json\/wp\/v2\/media?parent=7029"}],"wp:term":[{"taxonomy":"layout","embeddable":true,"href":"https:\/\/staging.falun2027.com\/sv\/wp-json\/wp\/v2\/layout?post=7029"}],"curies":[{"name":"wp","href":"https:\/\/api.w.org\/{rel}","templated":true}]}}